{"id":151,"date":"2015-03-16T23:26:01","date_gmt":"2015-03-16T22:26:01","guid":{"rendered":"http:\/\/topclick.co.hu\/?page_id=151"},"modified":"2021-11-15T22:54:53","modified_gmt":"2021-11-15T21:54:53","slug":"kapcsolat","status":"publish","type":"page","link":"https:\/\/drszabodent.hu\/hu\/kapcsolat\/","title":{"rendered":"Kapcsolat"},"content":{"rendered":"[vc_row][vc_column width=&#8221;1\/3&#8243;][vc_column_text]C\u00edm\u00fcnk:<\/p>\n<p>F\u00fcred-Dental Kft.<br \/>\n8230 Balatonf\u00fcred Zsigmond utca 10<br \/>\naz als\u00f3 post\u00e1n\u00e1l<br \/>\nMegk\u00f6zel\u00edthet\u0151s\u00e9g\u00fcnk:<br \/>\nAut\u00f3: 71-es f\u0151\u00fatvonal<\/p>\n<p>Telefon: 00-36-87\/580-105<br \/>\nE mail: praxis@drszabodent.hu<br \/>\nWeblap: www.drszabodent.hu[\/vc_column_text][vc_row_inner el_class=&#8221;button-space&#8221;][vc_column_inner width=&#8221;1\/2&#8243;][vc_btn title=&#8221;N\u00e9vjegy let\u00f6lt\u00e9se&#8221; size=&#8221;xs&#8221; i_icon_fontawesome=&#8221;fa fa-cloud-download&#8221; link=&#8221;url:https%3A%2F%2Fdrszabodent.hu%2Fwp-content%2Fuploads%2F2015%2F03%2FDr.-SZAB%C3%93-DEZS%C5%90-n%C3%A9vjegy.pdf||&#8221; add_icon=&#8221;true&#8221;][\/vc_column_inner][vc_column_inner width=&#8221;1\/2&#8243;][vc_btn title=&#8221;E-mail k\u00fcld\u00e9se&#8221; size=&#8221;xs&#8221; i_icon_fontawesome=&#8221;fa fa-envelope-o&#8221; add_icon=&#8221;true&#8221; link=&#8221;url:mailto%3Apraxis%40drszabodent.hu||&#8221;][\/vc_column_inner][\/vc_row_inner][\/vc_column][vc_column width=&#8221;1\/3&#8243;][vc_single_image image=&#8221;873&#8243;][vc_column_text]A kezel\u00e9si id\u0151pontokat felveszi:<br \/>\nHarangoz\u00f3 Hajnalka<br \/>\nfog\u00e1szati szakasszisztens<\/p>\n<p>&nbsp;<\/p>\n<p>GPS<br \/>\nN 46 57.423<br \/>\nE 17 53.51<\/p>\n<p>Google utca k\u00e9phez <a title=\"Google Street view\" href=\"https:\/\/www.google.hu\/maps\/@46.957021,17.891081,3a,90y,24.7h,82.28t\/data=!3m4!1e1!3m2!1s1A0Ok5ZHDa-J_TeqQATtlw!2e0?hl=en\" target=\"_blank\">kattintson ide<\/a>.[\/vc_column_text][\/vc_column][vc_column width=&#8221;1\/3&#8243;][vc_single_image image=&#8221;345&#8243; img_size=&#8221;medium&#8221; alignment=&#8221;center&#8221;][\/vc_column][\/vc_row]\n","protected":false},"excerpt":{"rendered":"<p>[vc_row][vc_column width=&#8221;1\/3&#8243;][vc_column_text]C\u00edm\u00fcnk: F\u00fcred-Dental Kft. 8230 Balatonf\u00fcred Zsigmond utca 10 az als\u00f3 post\u00e1n\u00e1l Megk\u00f6zel\u00edthet\u0151s\u00e9g\u00fcnk: Aut\u00f3: 71-es f\u0151\u00fatvonal Telefon: 00-36-87\/580-105 E mail: praxis@drszabodent.hu Weblap: www.drszabodent.hu[\/vc_column_text][vc_row_inner el_class=&#8221;button-space&#8221;][vc_column_inner width=&#8221;1\/2&#8243;][vc_btn title=&#8221;N\u00e9vjegy let\u00f6lt\u00e9se&#8221; size=&#8221;xs&#8221; i_icon_fontawesome=&#8221;fa fa-cloud-download&#8221; link=&#8221;url:https%3A%2F%2Fdrszabodent.hu%2Fwp-content%2Fuploads%2F2015%2F03%2FDr.-SZAB%C3%93-DEZS%C5%90-n%C3%A9vjegy.pdf||&#8221; add_icon=&#8221;true&#8221;][\/vc_column_inner][vc_column_inner width=&#8221;1\/2&#8243;][vc_btn title=&#8221;E-mail k\u00fcld\u00e9se&#8221; size=&#8221;xs&#8221; i_icon_fontawesome=&#8221;fa fa-envelope-o&#8221; add_icon=&#8221;true&#8221; link=&#8221;url:mailto%3Apraxis%40drszabodent.hu||&#8221;][\/vc_column_inner][\/vc_row_inner][\/vc_column][vc_column width=&#8221;1\/3&#8243;][vc_single_image image=&#8221;873&#8243;][vc_column_text]A kezel\u00e9si id\u0151pontokat felveszi: Harangoz\u00f3 Hajnalka fog\u00e1szati szakasszisztens &nbsp; GPS N 46 57.423 E<\/p>\n","protected":false},"author":1,"featured_media":0,"parent":0,"menu_order":0,"comment_status":"closed","ping_status":"closed","template":"template-contact-form-ext.php","meta":{"footnotes":""},"aioseo_notices":[],"_links":{"self":[{"href":"https:\/\/drszabodent.hu\/hu\/wp-json\/wp\/v2\/pages\/151"}],"collection":[{"href":"https:\/\/drszabodent.hu\/hu\/wp-json\/wp\/v2\/pages"}],"about":[{"href":"https:\/\/drszabodent.hu\/hu\/wp-json\/wp\/v2\/types\/page"}],"author":[{"embeddable":true,"href":"https:\/\/drszabodent.hu\/hu\/wp-json\/wp\/v2\/users\/1"}],"replies":[{"embeddable":true,"href":"https:\/\/drszabodent.hu\/hu\/wp-json\/wp\/v2\/comments?post=151"}],"version-history":[{"count":11,"href":"https:\/\/drszabodent.hu\/hu\/wp-json\/wp\/v2\/pages\/151\/revisions"}],"predecessor-version":[{"id":1056,"href":"https:\/\/drszabodent.hu\/hu\/wp-json\/wp\/v2\/pages\/151\/revisions\/1056"}],"wp:attachment":[{"href":"https:\/\/drszabodent.hu\/hu\/wp-json\/wp\/v2\/media?parent=151"}],"curies":[{"name":"wp","href":"https:\/\/api.w.org\/{rel}","templated":true}]}}