{"id":19,"date":"2015-03-15T11:26:09","date_gmt":"2015-03-15T10:26:09","guid":{"rendered":"http:\/\/topclick.co.hu\/?page_id=19"},"modified":"2021-11-12T00:29:44","modified_gmt":"2021-11-11T23:29:44","slug":"fooldal","status":"publish","type":"page","link":"https:\/\/drszabodent.hu\/hu\/","title":{"rendered":"F\u0151oldal"},"content":{"rendered":"[vc_row full_width=&#8221;stretch_row_content_no_spaces&#8221; content_placement=&#8221;bottom&#8221; el_class=&#8221;hero-image&#8221;][vc_column][vc_column_text]\n<h1 class=\"hide-mobile-drdent-p\" style=\"color: #2083bc; margin-bottom: 0; padding-bottom: 0;\">DRSZABODENT PRAXIS<\/h1>\n<p class=\"hide-mobile-drdent-p\" style=\"font-size: 25px; padding-left: 3em;\">Balatonf\u00fcreden 35 \u00e9ve.<\/p>\n[\/vc_column_text][\/vc_column][\/vc_row][vc_row css=&#8221;.vc_custom_1636406756112{padding-top: 20px !important;padding-bottom: 20px !important;}&#8221; el_class=&#8221;hero-after&#8221;][vc_column][vc_row_inner][vc_column_inner width=&#8221;1\/3&#8243;][vc_single_image image=&#8221;111&#8243; alignment=&#8221;center&#8221;]<h1 class=\"special-text  wow animated fadeInUp\" style=\"color: rgba(10,10,10,0.75);font-size: 24px;font-weight: 300;font-family: Lato;margin-top: -20px;text-align: center\" data-animation=\"fadeInUp\">Szak\u00e9rtelem<\/h1>[vc_column_text]\n<p style=\"text-align: center;\">F\u00e1jdalommentes fogorvosi ell\u00e1t\u00e1s<\/p>\n[\/vc_column_text][\/vc_column_inner][vc_column_inner width=&#8221;1\/3&#8243;][vc_single_image image=&#8221;113&#8243; alignment=&#8221;center&#8221;]<h1 class=\"special-text  wow animated fadeInUp\" style=\"color: rgba(10,10,10,0.75);font-size: 24px;font-weight: 300;font-family: Lato;margin-top: -20px;text-align: center\" data-animation=\"fadeInUp\">Precizit\u00e1s<\/h1>[vc_column_text]\n<p style=\"text-align: center;\">Min\u0151s\u00e9g megfizethet\u0151 \u00e1ron<\/p>\n[\/vc_column_text][\/vc_column_inner][vc_column_inner width=&#8221;1\/3&#8243;][vc_single_image image=&#8221;115&#8243; alignment=&#8221;center&#8221;]<h1 class=\"special-text  wow animated fadeInUp\" style=\"color: rgba(10,10,10,0.75);font-size: 24px;font-weight: 300;font-family: Lato;margin-top: -20px;text-align: center\" data-animation=\"fadeInUp\">Elhivatotts\u00e1g<\/h1>[vc_column_text]\n<p style=\"text-align: center;\">Sz\u00edv\u00fcgy\u00fcnk, hogy seg\u00edts\u00fcnk!<\/p>\n[\/vc_column_text][\/vc_column_inner][\/vc_row_inner][\/vc_column][\/vc_row][vc_row gmbt_prlx_break_parents=&#8221;99&#8243; gmbt_prlx_smooth_scrolling=&#8221;gambit_parallax_enable_smooth_scroll&#8221; gmbt_prlx_parallax=&#8221;down&#8221; gmbt_background_repeat=&#8221;repeat&#8221; gmbt_prlx_enable_mobile=&#8221;parallax-enable-mobile&#8221; gmbt_prlx_image=&#8221;89&#8243; css=&#8221;.vc_custom_1432548773076{padding-top: 40px !important;padding-bottom: 40px !important;}&#8221;][vc_column width=&#8221;1\/2&#8243;]<div class=\"orbit-image-box-2  DboSxSQS\"><div class=\"orbit-img-wrap\"><img loading=\"lazy\" decoding=\"async\" width=\"848\" height=\"538\" src=\"https:\/\/drszabodent.hu\/wp-content\/uploads\/2015\/03\/dr_Sazbo_dezso-e1427140944293-1024x650.jpg\" class=\"attachment-large size-large\" alt=\"\" \/><\/div><div class=\"orbit-text-wrap\"><span class=\"icon-circ-wrap\"><i class=\"fa fa-stethoscope\"><\/i><\/span><div class=\"callout-details-wrap tt-orbit-montserrat\">\n<h1><span style=\"font-size: 18pt;\">Dr. Szab\u00f3 Dezs\u0151, fogszakorvos<\/span><\/h1>\n<p style=\"text-align: justify;\"><span style=\"font-size: 18pt;\">\u00dc<\/span>dv\u00f6zl\u00f6m, az egyetemi tanulm\u00e1nyaim l983-as befejez\u00e9se \u00f3ta vagyok fogorvos a Balatonn\u00e1l, Balatonf\u00fcreden.\u00a0T\u00f6bb mint 30 \u00e9ves praxisom alatt mindig arra t\u00f6rekedtem, hogy min\u0151s\u00e9gi \u00e9s f\u00e1jdalommentes fogorvosi ell\u00e1t\u00e1st ny\u00fajtsak a helyi \u00e9s a t\u00e1volabbr\u00f3l \u00e9rkez\u0151 p\u00e1cienseimnek.<\/p>\n<\/div><\/div><\/div>[\/vc_column][vc_column width=&#8221;1\/2&#8243;]<div class=\"orbit-image-box-2  cigrifiA\"><div class=\"orbit-img-wrap\"><img loading=\"lazy\" decoding=\"async\" width=\"519\" height=\"384\" src=\"https:\/\/drszabodent.hu\/wp-content\/uploads\/2015\/03\/rendelo-e1427140868677.jpg\" class=\"attachment-large size-large\" alt=\"\" srcset=\"https:\/\/drszabodent.hu\/wp-content\/uploads\/2015\/03\/rendelo-e1427140868677.jpg 519w, https:\/\/drszabodent.hu\/wp-content\/uploads\/2015\/03\/rendelo-e1427140868677-300x222.jpg 300w\" sizes=\"(max-width: 519px) 100vw, 519px\" \/><\/div><div class=\"orbit-text-wrap\"><span class=\"icon-circ-wrap\"><i class=\"fa fa-heart-o\"><\/i><\/span><div class=\"callout-details-wrap tt-orbit-montserrat\">\n<h1><span style=\"font-size: 18pt;\">Korszer\u0171 fogorvosi\u00a0rendel\u0151<\/span><\/h1>\n<p style=\"text-align: justify;\"><span style=\"font-size: 18pt;\">F<\/span>ogorvosi praxisom 1994. \u00f3ta m\u0171k\u00f6dik a Balatonf\u00fcredi\u00a0v\u00e1rosk\u00f6zpontban a 71-es, balatoni f\u0151\u00fatn\u00e1l. Folyamatosan b\u0151v\u00edtem \u00e9s korszer\u0171s\u00edtem a klimatiz\u00e1lt, k\u00e9tsz\u00e9kes rendel\u0151t \u00e9s a szolg\u00e1ltat\u00e1sokat, mely maxim\u00e1lisan megfelel a kor jelen k\u00f6vetelm\u00e9nyeinek.<\/p>\n<\/div><\/div><\/div>[\/vc_column][\/vc_row][vc_row css=&#8221;.vc_custom_1432548800055{padding-top: 20px !important;padding-bottom: 20px !important;}&#8221;][vc_column width=&#8221;1\/3&#8243;]\r\n\t\t<div class=\"sc-icon  wow animated fadeIn\">\r\n\t\t\t<img decoding=\"async\" class=\"icons\" src=\"https:\/\/drszabodent.hu\/wp-content\/uploads\/2015\/03\/icon-med-101.png\" \/>\r\n\t\t\t<h3 style=\"color:#3d3d3d\">R\u00f6vid hat\u00e1rid\u0151<\/h3>\r\n\t\t\t<p style=\"color:#999999\">R\u00f6vid hat\u00e1rid\u0151vel, ak\u00e1r egy h\u00e9t alatt is teljes\u00edtj\u00fck k\u00e9r\u00e9s\u00e9t<\/p>\r\n\t\t<\/div>[\/vc_column][vc_column width=&#8221;1\/3&#8243;]\r\n\t\t<div class=\"sc-icon  wow animated fadeIn\">\r\n\t\t\t<i style=\"color:#34b4e4\" class=\"icons icon-ok\"><\/i>\r\n\t\t\t<h3 style=\"color:#3d3d3d\">Eur\u00f3pai sz\u00ednvonal<\/h3>\r\n\t\t\t<p style=\"color:#999999\">Nyugat eur\u00f3pai sz\u00ednvonal, ann\u00e1l j\u00f3val olcs\u00f3bban<\/p>\r\n\t\t<\/div>[\/vc_column][vc_column width=&#8221;1\/3&#8243;]\r\n\t\t<div class=\"sc-icon  wow animated fadeIn\">\r\n\t\t\t<img decoding=\"async\" class=\"icons\" src=\"https:\/\/drszabodent.hu\/wp-content\/uploads\/2015\/03\/icon-med-102.png\" \/>\r\n\t\t\t<h3 style=\"color:#3d3d3d\">Helyi \u00e9rz\u00e9stelen\u00edt\u00e9s<\/h3>\r\n\t\t\t<p style=\"color:#999999\">Minden kezel\u00e9sn\u00e9l helyi \u00e9rz\u00e9stelen\u00edt\u00e9st alkalmazunk <\/p>\r\n\t\t<\/div>[\/vc_column][\/vc_row][vc_row gmbt_prlx_break_parents=&#8221;99&#8243; gmbt_prlx_smooth_scrolling=&#8221;gambit_parallax_enable_smooth_scroll&#8221; gmbt_prlx_parallax=&#8221;down&#8221; css=&#8221;.vc_custom_1432548845702{padding-top: 25px !important;padding-bottom: 25px !important;}&#8221; gmbt_prlx_image=&#8221;631&#8243;][vc_column width=&#8221;1\/2&#8243;]<dl class=\"vision-accordion  geqWArCR\"><dt>Az els\u0151 konzult\u00e1ci\u00f3 (ingyenes!)<\/dt><dd>\n<ul>\n<li><span style=\"color: #000080;\">Szakorvosi vizsg\u00e1lat<\/span><\/li>\n<li><span style=\"color: #000080;\">Kezel\u00e9si terv<\/span><\/li>\n<li><span style=\"color: #000080;\">\u00c1raj\u00e1nlat<\/span><\/li>\n<\/ul>\n<\/dd><dt>Diagnosztika <\/dt><dd>\n<ul>\n<li><span style=\"color: #000080;\">R\u00f6ntgen digit\u00e1lis cs\u00facstechnol\u00f3gi\u00e1s m\u0171szerekkel<\/span><\/li>\n<li><span style=\"color: #000080;\">RVG &#8211; digit\u00e1lis sz\u00e1m\u00edt\u00f3g\u00e9pes technika &#8211; minim\u00e1lis sug\u00e1rz\u00e1s<\/span><\/li>\n<li><span style=\"color: #000080;\">OP &#8211; panor\u00e1ma r\u00f6ntgenfelv\u00e9tel &#8211; k\u00e9p a teljes fogazatr\u00f3l, \u00e1lcsontr\u00f3l<\/span><\/li>\n<li><span style=\"color: #000080;\">Oral kamera &#8211; nagy\u00edtott k\u00e9p a fogakr\u00f3l pc monitoron<\/span><\/li>\n<\/ul>\n<\/dd><dt>Prevenci\u00f3s kezel\u00e9s<\/dt><dd>\n<ul>\n<li><span style=\"color: #000080;\">Fogk\u0151lev\u00e9tel (g\u00e9pi ultrahangos)<\/span><\/li>\n<li><span style=\"color: #000080;\">Na-karbon\u00e1tos fogtiszt\u00edt\u00e1s (prophyflex)<\/span><\/li>\n<li><span style=\"color: #000080;\">Plazma l\u00e1mp\u00e1s fogfeh\u00e9r\u00edt\u00e9s 1 \u00f3ra alatt<\/span><\/li>\n<li><span style=\"color: #000080;\">\u00cdnykezel\u00e9sek<\/span><\/li>\n<\/ul>\n<\/dd><\/dl>[\/vc_column][vc_column width=&#8221;1\/2&#8243;]<dl class=\"vision-accordion  lGKLkxjU\"><dt>Fogmegtart\u00f3 kezel\u00e9s <\/dt><dd>\n<ul>\n<li><span style=\"color: #000080;\">Eszt\u00e9tikus, fogsz\u00edn\u0171 t\u00f6m\u00e9s, inlayk<\/span><\/li>\n<li><span style=\"color: #000080;\">Gy\u00f6k\u00e9rkezel\u00e9s g\u00e9pi bem\u00e9r\u00e9ssel<\/span><\/li>\n<\/ul>\n<\/dd><dt>Fogp\u00f3tl\u00e1s <\/dt><dd>\n<ul>\n<li>P<span style=\"color: #000080;\">orcel\u00e1n hidak, koron\u00e1k, csapos fogak (aranyb\u00f3l is), ideiglenes hidak<\/span><\/li>\n<li><span style=\"color: #000080;\">Kivehet\u0151 teljes \u00e9s r\u00e9szleges fogsorok rejtett elhorgonyz\u00e1ssal<\/span><\/li>\n<\/ul>\n<\/dd><dt>Fogbe\u00fcltet\u00e9s<\/dt><dd>\n<ul>\n<li><span style=\"color: #000080;\">Implant\u00e1ci\u00f3s fogp\u00f3tl\u00e1s<\/span><\/li>\n<\/ul>\n<\/dd><\/dl>[\/vc_column][\/vc_row][vc_row css=&#8221;.vc_custom_1432548873370{padding-top: 20px !important;padding-bottom: 20px !important;}&#8221;][vc_column width=&#8221;1\/3&#8243;]\r\n\t\t<div class=\"sc-icon  wow animated fadeIn\">\r\n\t\t\t<img decoding=\"async\" class=\"icons\" src=\"https:\/\/drszabodent.hu\/wp-content\/uploads\/2015\/03\/icon-med-103.png\" \/>\r\n\t\t\t<h3 style=\"color:#3d3d3d\">Profi kezel\u0151g\u00e9pek<\/h3>\r\n\t\t\t<p style=\"color:#999999\">A legmodernebb berendez\u00e9sek, \u00fcgyfeleink ig\u00e9nyei szerint<\/p>\r\n\t\t<\/div>[\/vc_column][vc_column width=&#8221;1\/3&#8243;]\r\n\t\t<div class=\"sc-icon  wow animated fadeIn\">\r\n\t\t\t<img decoding=\"async\" class=\"icons\" src=\"https:\/\/drszabodent.hu\/wp-content\/uploads\/2015\/03\/icon-med-104.png\" \/>\r\n\t\t\t<h3 style=\"color:#3d3d3d\">Min\u0151s\u00e9gi anyagok<\/h3>\r\n\t\t\t<p style=\"color:#999999\">A legjobb min\u0151s\u00e9g\u0171 anyagok v\u00e1laszt\u00e1sa minden alkalommal<\/p>\r\n\t\t<\/div>[\/vc_column][vc_column width=&#8221;1\/3&#8243;]\r\n\t\t<div class=\"sc-icon  wow animated fadeIn\">\r\n\t\t\t<i style=\"color:#34b4e4\" class=\"icons icon-star-empty\"><\/i>\r\n\t\t\t<h3 style=\"color:#3d3d3d\">3 \u00e9v garancia<\/h3>\r\n\t\t\t<p style=\"color:#999999\">3 \u00e9v garancia minden \u00e1ltalunk k\u00e9sz\u00edtett fogp\u00f3tl\u00e1sra<\/p>\r\n\t\t<\/div>[\/vc_column][\/vc_row][vc_row gmbt_prlx_break_parents=&#8221;99&#8243; gmbt_prlx_smooth_scrolling=&#8221;gambit_parallax_enable_smooth_scroll&#8221; gmbt_prlx_parallax=&#8221;down&#8221; gmbt_prlx_image=&#8221;711&#8243; css=&#8221;.vc_custom_1520891610240{margin-top: 20px !important;margin-right: 1px !important;margin-bottom: 20px !important;margin-left: 1px !important;padding-top: 400px !important;padding-bottom: 20px !important;background-image: url(http:\/\/drszabodent.hu\/wp-content\/uploads\/2015\/03\/IMG_0001s.jpg?id=711) !important;background-position: center !important;background-repeat: no-repeat !important;background-size: cover !important;}&#8221;][vc_column width=&#8221;1\/4&#8243;][\/vc_column][\/vc_row][vc_row el_class=&#8221;hide-mobile-drdent&#8221;][vc_column width=&#8221;1\/6&#8243;][vc_single_image image=&#8221;935&#8243; img_size=&#8221;full&#8221; onclick=&#8221;link_image&#8221; el_class=&#8221;hide-mobile-drdent&#8221;][\/vc_column][vc_column width=&#8221;1\/6&#8243;][vc_single_image image=&#8221;866&#8243; img_size=&#8221;full&#8221; onclick=&#8221;link_image&#8221; el_class=&#8221;hide-mobile-drdent&#8221;][\/vc_column][vc_column width=&#8221;1\/6&#8243;][vc_single_image image=&#8221;867&#8243; img_size=&#8221;full&#8221; onclick=&#8221;link_image&#8221; el_class=&#8221;hide-mobile-drdent&#8221;][\/vc_column][vc_column width=&#8221;1\/6&#8243;][vc_single_image image=&#8221;868&#8243; img_size=&#8221;full&#8221; onclick=&#8221;link_image&#8221; el_class=&#8221;hide-mobile-drdent&#8221;][\/vc_column][vc_column width=&#8221;1\/6&#8243;][vc_single_image image=&#8221;869&#8243; img_size=&#8221;full&#8221; onclick=&#8221;link_image&#8221; el_class=&#8221;hide-mobile-drdent&#8221;][\/vc_column][vc_column width=&#8221;1\/6&#8243;][vc_single_image image=&#8221;870&#8243; img_size=&#8221;full&#8221; onclick=&#8221;link_image&#8221; el_class=&#8221;hide-mobile-drdent&#8221;][\/vc_column][\/vc_row][vc_row gmbt_prlx_break_parents=&#8221;99&#8243; gmbt_prlx_parallax=&#8221;up&#8221; css=&#8221;.vc_custom_1461525368350{padding-top: 20px !important;padding-bottom: 20px !important;background-color: #ffffff !important;}&#8221;][vc_column][vc_single_image image=&#8221;113&#8243; alignment=&#8221;center&#8221;][vc_column_text]\n<h3 style=\"text-align: center;\">Nagy teljes\u00edtm\u00e9ny\u0171 l\u00e9gtiszt\u00edt\u00f3 a v\u00edrus \u00e9s bakt\u00e9rium mentes leveg\u0151\u00e9rt.<\/h3>\n<p>&nbsp;<\/p>\n[\/vc_column_text][vc_row_inner][vc_column_inner width=&#8221;1\/2&#8243;][vc_single_image image=&#8221;935&#8243; img_size=&#8221;full&#8221;][\/vc_column_inner][vc_column_inner width=&#8221;1\/2&#8243;][vc_images_carousel images=&#8221;870,869,868,867,866,951&#8243; img_size=&#8221;full&#8221; el_class=&#8221;hide-mobile-drdent-inv&#8221;][\/vc_column_inner][\/vc_row_inner][vc_single_image image=&#8221;801&#8243; alignment=&#8221;center&#8221;][vc_column_text]\n<h4 style=\"text-align: center;\">A kezel\u00e9sek ideje alatt a part menti apartmanjainkban kellemesen elt\u00f6lthetik az id\u0151t<\/h4>\n[\/vc_column_text][\/vc_column][\/vc_row][vc_row css=&#8221;.vc_custom_1432759313775{padding-top: 20px !important;padding-bottom: 20px !important;}&#8221;][vc_column width=&#8221;1\/2&#8243;]<div class=\"tt-orbit-heading-wrap BLUJbMSD   \"><h2>VEND\u00c9GH\u00c1Z BALATONF\u00dcRED<\/h2><p class=\"\"> Eg\u00e9sz \u00e9vben nyitva tartunk!<\/p><\/div>[vc_single_image image=&#8221;822&#8243; img_size=&#8221;300px&#8221; alignment=&#8221;center&#8221; style=&#8221;vc_box_rounded&#8221;][vc_column_text]\n<p style=\"text-align: justify;\">Szeretettel v\u00e1rjuk Balatonf\u00fcreden a Vend\u00e9gh\u00e1zban, mely az\u00a0eleg\u00e1ns villanegyed\u00e9ben tal\u00e1lhat\u00f3 a Balatont\u00f3l 500 m\u00e9terre.\u00a0<span style=\"text-align: justify; line-height: 1.5;\">5 k\u00e9nyelmes apartman ny\u00fajt k\u00e9nyelmes pihen\u00e9si lehet\u0151s\u00e9get 10-12 f\u0151 sz\u00e1m\u00e1ra.<\/span><\/p>\n[\/vc_column_text][\/vc_column][vc_column width=&#8221;1\/2&#8243;]<div class=\"tt-orbit-heading-wrap FrsFRnrP   \"><h2>V\u00cdZPARTI NYARAL\u00d3H\u00c1Z BALATONSZEPEZD<\/h2><p class=\"\"> <\/p><\/div>[vc_single_image image=&#8221;823&#8243; img_size=&#8221;260px&#8221; alignment=&#8221;center&#8221; style=&#8221;vc_box_rounded&#8221;][vc_column_text]\n<p style=\"text-align: justify;\">V\u00edzparti, k\u00e9nyelmesen berendezett nyaral\u00f3 Balatonszepezden. A h\u00e1z k\u00f6zvetlen a v\u00edzparton helyezkedik el. A kert gondozott bokros, f\u00fcves melyen kellemes a napoz\u00e1s. A v\u00edzben horg\u00e1szst\u00e9g is tal\u00e1lhat\u00f3.\u00a0Tov\u00e1bbi inform\u00e1ci\u00f3\u00e9rt keresse: <a href=\"http:\/\/vizpartivilla.hu\">www.vizpartivilla.hu<\/a><\/p>\n[\/vc_column_text][\/vc_column][\/vc_row][vc_row gmbt_prlx_break_parents=&#8221;99&#8243; gmbt_prlx_parallax=&#8221;up&#8221; css=&#8221;.vc_custom_1461529662707{margin-top: 0px !important;margin-bottom: 0px !important;padding-top: 0px !important;padding-bottom: 40px !important;background-color: #34b4e4 !important;}&#8221; gmbt_prlx_image=&#8221;89&#8243;][vc_column width=&#8221;3\/4&#8243;]<h1 class=\"special-text  wow animated fadeIn\" style=\"color: #ffffff;font-size: 32px;font-family: Open Sans;text-align: left\" data-animation=\"fadeIn\">Fog\u00e1szat \u00e9s \u00dcd\u00fcl\u00e9s? Jelentkezzen be most!<\/h1>[\/vc_column][vc_column width=&#8221;1\/4&#8243;]<a class=\"button biggest    wow animated fadeIn\" data-animation=\"fadeIn\" href=\"\/kapcsolat\/\" target=\"_self\" style=\"color: #34b4e4;background-color: #f9f9f9\"><i class=\"icons icon-heart-empty\"><\/i>BEJELENTKEZ\u00c9S<\/a>[\/vc_column][\/vc_row]\n","protected":false},"excerpt":{"rendered":"<p>[vc_row full_width=&#8221;stretch_row_content_no_spaces&#8221; content_placement=&#8221;bottom&#8221; el_class=&#8221;hero-image&#8221;][vc_column][vc_column_text] DRSZABODENT PRAXIS Balatonf\u00fcreden 35 \u00e9ve. [\/vc_column_text][\/vc_column][\/vc_row][vc_row css=&#8221;.vc_custom_1636406756112{padding-top: 20px !important;padding-bottom: 20px !important;}&#8221; el_class=&#8221;hero-after&#8221;][vc_column][vc_row_inner][vc_column_inner width=&#8221;1\/3&#8243;][vc_single_image image=&#8221;111&#8243; alignment=&#8221;center&#8221;][vc_column_text] F\u00e1jdalommentes fogorvosi ell\u00e1t\u00e1s [\/vc_column_text][\/vc_column_inner][vc_column_inner width=&#8221;1\/3&#8243;][vc_single_image image=&#8221;113&#8243; alignment=&#8221;center&#8221;][vc_column_text] Min\u0151s\u00e9g megfizethet\u0151 \u00e1ron [\/vc_column_text][\/vc_column_inner][vc_column_inner width=&#8221;1\/3&#8243;][vc_single_image image=&#8221;115&#8243; alignment=&#8221;center&#8221;][vc_column_text] Sz\u00edv\u00fcgy\u00fcnk, hogy seg\u00edts\u00fcnk! [\/vc_column_text][\/vc_column_inner][\/vc_row_inner][\/vc_column][\/vc_row][vc_row gmbt_prlx_break_parents=&#8221;99&#8243; gmbt_prlx_smooth_scrolling=&#8221;gambit_parallax_enable_smooth_scroll&#8221; gmbt_prlx_parallax=&#8221;down&#8221; gmbt_background_repeat=&#8221;repeat&#8221; gmbt_prlx_enable_mobile=&#8221;parallax-enable-mobile&#8221; gmbt_prlx_image=&#8221;89&#8243; css=&#8221;.vc_custom_1432548773076{padding-top: 40px !important;padding-bottom: 40px !important;}&#8221;][vc_column width=&#8221;1\/2&#8243;][\/vc_column][vc_column width=&#8221;1\/2&#8243;][\/vc_column][\/vc_row][vc_row css=&#8221;.vc_custom_1432548800055{padding-top: 20px !important;padding-bottom: 20px !important;}&#8221;][vc_column<\/p>\n","protected":false},"author":1,"featured_media":0,"parent":0,"menu_order":0,"comment_status":"closed","ping_status":"closed","template":"","meta":{"footnotes":""},"aioseo_notices":[],"_links":{"self":[{"href":"https:\/\/drszabodent.hu\/hu\/wp-json\/wp\/v2\/pages\/19"}],"collection":[{"href":"https:\/\/drszabodent.hu\/hu\/wp-json\/wp\/v2\/pages"}],"about":[{"href":"https:\/\/drszabodent.hu\/hu\/wp-json\/wp\/v2\/types\/page"}],"author":[{"embeddable":true,"href":"https:\/\/drszabodent.hu\/hu\/wp-json\/wp\/v2\/users\/1"}],"replies":[{"embeddable":true,"href":"https:\/\/drszabodent.hu\/hu\/wp-json\/wp\/v2\/comments?post=19"}],"version-history":[{"count":37,"href":"https:\/\/drszabodent.hu\/hu\/wp-json\/wp\/v2\/pages\/19\/revisions"}],"predecessor-version":[{"id":1048,"href":"https:\/\/drszabodent.hu\/hu\/wp-json\/wp\/v2\/pages\/19\/revisions\/1048"}],"wp:attachment":[{"href":"https:\/\/drszabodent.hu\/hu\/wp-json\/wp\/v2\/media?parent=19"}],"curies":[{"name":"wp","href":"https:\/\/api.w.org\/{rel}","templated":true}]}}