{"id":335,"date":"2015-03-23T21:30:03","date_gmt":"2015-03-23T20:30:03","guid":{"rendered":"http:\/\/topclick.co.hu\/?page_id=335"},"modified":"2021-11-08T19:09:56","modified_gmt":"2021-11-08T18:09:56","slug":"szolgaltatasok","status":"publish","type":"page","link":"https:\/\/drszabodent.hu\/hu\/szolgaltatasok\/","title":{"rendered":"Szolg\u00e1ltat\u00e1sok"},"content":{"rendered":"[vc_row el_class=&#8221;services-text-margin&#8221;][vc_column][vc_column_text]\n<p style=\"text-align: justify;\">A fogorvosi kezel\u00e9sek min\u0151s\u00e9ge Nyugat eur\u00f3pai sz\u00ednvonal\u00fa, de ann\u00e1l j\u00f3val olcs\u00f3bb.\u00a0A min\u0151s\u00e9get \u00e9s a r\u00f6vid hat\u00e1rid\u0151ket (ak\u00e1r egy h\u00e9t) garant\u00e1lja fogtechnikai h\u00e1tter\u00fcnk \u00e9s a legjobb anyagok v\u00e1laszt\u00e1sa. Minden kezel\u00e9s helyi \u00e9rz\u00e9stelen\u00edt\u00e9ssel t\u00f6rt\u00e9nik.\u00a0Fogp\u00f3tl\u00e1sokra 3 \u00e9v garancia!<\/p>\n[\/vc_column_text][\/vc_column][\/vc_row][vc_row][vc_column]<hr class=\"divider col-xs-12\" style=\"border-color:#ffffff\" >[\/vc_column][\/vc_row][vc_row el_class=&#8221;blog-box&#8221;][vc_column width=&#8221;1\/4&#8243;][vc_images_carousel images=&#8221;688&#8243; img_size=&#8221;200\u00d7200&#8243;][\/vc_column][vc_column width=&#8221;3\/4&#8243;][vc_column_text]\n<div class=\"vc_col-sm-12 vc_column wpb_el_type_textfield vc_shortcode-param\">\n<h3>Az els\u0151 konzult\u00e1ci\u00f3 ingyenes<\/h3>\n<ul>\n<li>Szakorvosi vizsg\u00e1lat<\/li>\n<li>Kezel\u00e9si terv<\/li>\n<li>\u00c1raj\u00e1nlat<\/li>\n<\/ul>\n<p>A\u00a0kezel\u00e9sek el\u0151zetes bejelentkez\u00e9s alapj\u00e1n t\u00f6rt\u00e9nnek!<\/p>\n<\/div>\n[\/vc_column_text][\/vc_column][\/vc_row][vc_row][vc_column]<hr class=\"divider col-xs-12\" style=\"border-color:#ffffff\" >[\/vc_column][\/vc_row][vc_row el_class=&#8221;blog-box blog-box-blank&#8221;][vc_column width=&#8221;1\/4&#8243;][vc_images_carousel images=&#8221;714,593&#8243; img_size=&#8221;200\u00d7200&#8243; speed=&#8221;3000&#8243; autoplay=&#8221;yes&#8221;][\/vc_column][vc_column width=&#8221;3\/4&#8243;][vc_column_text]\n<div class=\"vc_col-sm-12 vc_column wpb_el_type_textfield vc_shortcode-param\">\n<p>&nbsp;<\/p>\n<h3 class=\"edit_form_line\">Diagnosztika DIGIT\u00c1LIS SZ\u00c1M\u00cdT\u00d3G\u00c9PES CS\u00daCSTECHNOL\u00d3GIA<\/h3>\n<div class=\"edit_form_line\"><\/div>\n<div class=\"edit_form_line\">\n<ul>\n<li>R\u00f6ntgen<\/li>\n<li>RVG -digit\u00e1lis sz\u00e1m\u00edt\u00f3g\u00e9pes technika \u2013 minim\u00e1lis sug\u00e1rz\u00e1s<\/li>\n<li>OP \u2013 panor\u00e1ma r\u00f6ntgen felv\u00e9tel \u2013 k\u00e9p a teljes fogazatr\u00f3l, \u00e1lcsontr\u00f3l<\/li>\n<li>Oral kamera \u2013 nagy\u00edtott k\u00e9p a fogakr\u00f3l pc monitoron<\/li>\n<\/ul>\n<\/div>\n<\/div>\n[\/vc_column_text][\/vc_column][\/vc_row][vc_row][vc_column]<hr class=\"divider col-xs-12\" style=\"border-color:#ffffff\" >[\/vc_column][\/vc_row][vc_row el_class=&#8221;blog-box&#8221;][vc_column width=&#8221;1\/4&#8243;][vc_images_carousel images=&#8221;682&#8243; img_size=&#8221;200\u00d7200&#8243;][\/vc_column][vc_column width=&#8221;3\/4&#8243;][vc_column_text]\n<div class=\"vc_col-sm-12 vc_column wpb_el_type_textfield vc_shortcode-param\">\n<h3 class=\"edit_form_line\">Prevenci\u00f3s kezel\u00e9sek<\/h3>\n<div class=\"edit_form_line\">\n<ul>\n<li>Fogk\u0151lev\u00e9tel \/g\u00e9pi ultrahangos\/<\/li>\n<li>Na-karbon\u00e1tos fogtiszt\u00edt\u00e1s \/prophyflex\/<\/li>\n<li>L\u00e9zeres\u00a0fogfeh\u00e9r\u00edt\u00e9s l \u00f3ra alatt<\/li>\n<li>\u00cdnykezel\u00e9sek<\/li>\n<\/ul>\n<\/div>\n<\/div>\n[\/vc_column_text][\/vc_column][\/vc_row][vc_row][vc_column]<hr class=\"divider col-xs-12\" style=\"border-color:#ffffff\" >[\/vc_column][\/vc_row][vc_row el_class=&#8221;blog-box&#8221;][vc_column width=&#8221;1\/4&#8243;][vc_images_carousel images=&#8221;681&#8243; img_size=&#8221;200\u00d7200&#8243;][\/vc_column][vc_column width=&#8221;3\/4&#8243;][vc_column_text]\n<div class=\"vc_col-sm-12 vc_column wpb_el_type_textfield vc_shortcode-param\">\n<h3>Fogmegtart\u00f3 kezel\u00e9sek<\/h3>\n<ul>\n<li>Eszt\u00e9tikus, fogsz\u00edn\u0171 t\u00f6m\u00e9se, inlayk<\/li>\n<li>Gy\u00f6k\u00e9rkezel\u00e9sek g\u00e9pi bem\u00e9r\u00e9ssel<\/li>\n<\/ul>\n<\/div>\n[\/vc_column_text][\/vc_column][\/vc_row][vc_row][vc_column]<hr class=\"divider col-xs-12\" style=\"border-color:#ffffff\" >[\/vc_column][\/vc_row][vc_row el_class=&#8221;blog-box&#8221;][vc_column width=&#8221;1\/4&#8243;][vc_images_carousel images=&#8221;733&#8243; img_size=&#8221;200\u00d7200&#8243; speed=&#8221;3000&#8243;][\/vc_column][vc_column width=&#8221;3\/4&#8243;][vc_column_text]\n<div class=\"vc_col-sm-12 vc_column wpb_el_type_textfield vc_shortcode-param\">\n<h3 style=\"text-align: justify;\">Fogp\u00f3tl\u00e1sok<\/h3>\n<ul>\n<li style=\"text-align: justify;\">Porcel\u00e1n hidak, koron\u00e1k, csapos fogak (aranyb\u00f3l is), ideiglenes hidak<\/li>\n<li style=\"text-align: justify;\">Kivehet\u0151 teljes \u00e9s r\u00e9szleges fogsorok rejtett elhorgonyz\u00e1ssal<\/li>\n<\/ul>\n<\/div>\n[\/vc_column_text][\/vc_column][\/vc_row][vc_row][vc_column]<hr class=\"divider col-xs-12\" style=\"border-color:#ffffff\" >[\/vc_column][\/vc_row][vc_row el_class=&#8221;blog-box&#8221;][vc_column width=&#8221;1\/4&#8243;][vc_images_carousel images=&#8221;719&#8243; img_size=&#8221;200\u00d7200&#8243; speed=&#8221;3000&#8243;][\/vc_column][vc_column width=&#8221;3\/4&#8243;][vc_column_text]\n<div class=\"vc_col-sm-12 vc_column wpb_el_type_textfield vc_shortcode-param\">\n<h3>Fogbe\u00fcltet\u00e9s<\/h3>\n<ul>\n<li style=\"text-align: justify;\">Implant\u00e1ci\u00f3s fogp\u00f3tl\u00e1sok<\/li>\n<\/ul>\n<p style=\"text-align: justify;\"><strong>P\u00e1ciens t\u00e1j\u00e9koztat\u00f3<\/strong><\/p>\n<p style=\"text-align: justify;\">Az implant\u00e1tum tiszta tit\u00e1nb\u00f3l k\u00e9sz\u00fclt m\u0171gy\u00f6k\u00e9r seg\u00edts\u00e9g\u00e9vel a foghi\u00e1nyok megsz\u00fcntethet\u0151ek, fix fogp\u00f3tl\u00e1sok k\u00e9sz\u00edthet\u0151ek, vagy teljes fogatlans\u00e1g eset\u00e9n a prot\u00e9zis stabilit\u00e1sa fokozhat\u00f3.<br \/>\n<strong>A be\u00fcltet\u00e9s menete<\/strong><br \/>\nSeb\u00e9szi felt\u00e1r\u00e1s, csontba t\u00f6rt\u00e9n\u0151 be\u00fcltet\u00e9s ut\u00e1ni 3-4 h\u00f3nap nyugalmi id\u0151szakra van sz\u00fcks\u00e9g. Ezt k\u00f6vet\u0151en t\u00f6rt\u00e9nik meg az \u00ednyb\u0151l ki\u00e1ll\u00f3 fel\u00e9p\u00edtm\u00e9ny r\u00f6gz\u00edt\u00e9se, becsavaroz\u00e1sa \u00e9s a v\u00e9gleges p\u00f3tl\u00e1s elk\u00e9sz\u00edt\u00e9se. Ez a legelfogadottabb k\u00e9tf\u00e1zis\u00fa inplant\u00e1l\u00e1s.<\/p>\n<p style=\"text-align: justify;\">Bizonyos esetekben (egyf\u00e1zis\u00fa) be\u00fcltet\u00e9s ut\u00e1n az implant\u00e1tumra ideiglenes p\u00f3tl\u00e1s r\u00f6gt\u00f6n k\u00e9sz\u00edthet\u0151.<\/p>\n<\/div>\n[\/vc_column_text][\/vc_column][\/vc_row]\n","protected":false},"excerpt":{"rendered":"<p>[vc_row el_class=&#8221;services-text-margin&#8221;][vc_column][vc_column_text] A fogorvosi kezel\u00e9sek min\u0151s\u00e9ge Nyugat eur\u00f3pai sz\u00ednvonal\u00fa, de ann\u00e1l j\u00f3val olcs\u00f3bb.\u00a0A min\u0151s\u00e9get \u00e9s a r\u00f6vid hat\u00e1rid\u0151ket (ak\u00e1r egy h\u00e9t) garant\u00e1lja fogtechnikai h\u00e1tter\u00fcnk \u00e9s a legjobb anyagok v\u00e1laszt\u00e1sa. Minden kezel\u00e9s helyi \u00e9rz\u00e9stelen\u00edt\u00e9ssel t\u00f6rt\u00e9nik.\u00a0Fogp\u00f3tl\u00e1sokra 3 \u00e9v garancia! [\/vc_column_text][\/vc_column][\/vc_row][vc_row][vc_column][\/vc_column][\/vc_row][vc_row el_class=&#8221;blog-box&#8221;][vc_column width=&#8221;1\/4&#8243;][vc_images_carousel images=&#8221;688&#8243; img_size=&#8221;200\u00d7200&#8243;][\/vc_column][vc_column width=&#8221;3\/4&#8243;][vc_column_text] Az els\u0151 konzult\u00e1ci\u00f3 ingyenes Szakorvosi vizsg\u00e1lat Kezel\u00e9si terv \u00c1raj\u00e1nlat A\u00a0kezel\u00e9sek el\u0151zetes bejelentkez\u00e9s<\/p>\n","protected":false},"author":1,"featured_media":0,"parent":0,"menu_order":0,"comment_status":"closed","ping_status":"closed","template":"","meta":{"footnotes":""},"aioseo_notices":[],"_links":{"self":[{"href":"https:\/\/drszabodent.hu\/hu\/wp-json\/wp\/v2\/pages\/335"}],"collection":[{"href":"https:\/\/drszabodent.hu\/hu\/wp-json\/wp\/v2\/pages"}],"about":[{"href":"https:\/\/drszabodent.hu\/hu\/wp-json\/wp\/v2\/types\/page"}],"author":[{"embeddable":true,"href":"https:\/\/drszabodent.hu\/hu\/wp-json\/wp\/v2\/users\/1"}],"replies":[{"embeddable":true,"href":"https:\/\/drszabodent.hu\/hu\/wp-json\/wp\/v2\/comments?post=335"}],"version-history":[{"count":3,"href":"https:\/\/drszabodent.hu\/hu\/wp-json\/wp\/v2\/pages\/335\/revisions"}],"predecessor-version":[{"id":1022,"href":"https:\/\/drszabodent.hu\/hu\/wp-json\/wp\/v2\/pages\/335\/revisions\/1022"}],"wp:attachment":[{"href":"https:\/\/drszabodent.hu\/hu\/wp-json\/wp\/v2\/media?parent=335"}],"curies":[{"name":"wp","href":"https:\/\/api.w.org\/{rel}","templated":true}]}}