{"id":907,"date":"2021-09-26T20:20:54","date_gmt":"2021-09-26T19:20:54","guid":{"rendered":"https:\/\/drszabodent.hu\/?page_id=907"},"modified":"2021-09-26T20:20:54","modified_gmt":"2021-09-26T19:20:54","slug":"adatvedelmi-tajekoztato","status":"publish","type":"page","link":"https:\/\/drszabodent.hu\/hu\/adatvedelmi-tajekoztato\/","title":{"rendered":"Adatv\u00e9delmi T\u00e1j\u00e9koztat\u00f3"},"content":{"rendered":"<p><strong>1. BEVEZET\u0150 RENDELKEZ\u00c9SEK<\/strong><\/p>\n<p>1.1 A\u00a0F\u00dcRED-DENTAL Kft. (sz\u00e9khely: 8230 Balatonf\u00fcred, Zsigmond utca 10.; email: praxis@drszabodent.hu) (<strong>\u201eAdatkezel\u0151\u201d<\/strong>) elk\u00f6telezett azir\u00e1nt, hogy az drszabodent.hu weboldalt (tov\u00e1bbiakban, mint Weboldal) l\u00e1togat\u00f3k mag\u00e1n\u00e9lethez val\u00f3 jog\u00e1t \u00e9s szem\u00e9lyes adataik v\u00e9delm\u00e9hez f\u0171z\u0151d\u0151 jog\u00e1t tiszteletben tartsa. Jelen t\u00e1j\u00e9koztat\u00f3 meghat\u00e1rozza azon jogalapokat, amelyek alapj\u00e1n az Adatkezel\u0151 az \u00d6nr\u0151l r\u00f6gz\u00edtett, vagy az \u00d6n \u00e1ltal \u00e1tadott Szem\u00e9lyes Adatokat kezeli. K\u00e9rj\u00fck, alaposan \u00e9s figyelmesen olvassa \u00e1t a t\u00e1j\u00e9koztat\u00f3t annak \u00e9rdek\u00e9ben, hogy tiszt\u00e1ban legyen az Adatkezel\u0151nek az \u00d6n Szem\u00e9lyes Adataival kapcsolatban folytatott adatkezel\u00e9si gyakorlat\u00e1val.<\/p>\n<p>1.2 Fenntartjuk a jogot, hogy a jelen Weboldal tartalm\u00e1t \u2013 ide\u00e9rtve jelen t\u00e1j\u00e9koztat\u00f3t is \u2013 b\u00e1rmikor megv\u00e1ltoztassuk, a v\u00e1ltoztat\u00e1sok Weboldalon t\u00f6rt\u00e9n\u0151 felt\u00fcntet\u00e9s\u00e9vel. Az \u00d6n felel\u0151ss\u00e9ge, hogy a jelen t\u00e1j\u00e9koztat\u00f3 rendelkez\u00e9seit megismerje \u00e9s id\u0151r\u0151l id\u0151re azokat \u00fajra \u00e1tolvassa annak \u00e9rdek\u00e9ben, hogy tiszt\u00e1ban legyen a v\u00e1ltoz\u00e1sokkal.<\/p>\n<p><strong>2. ADATOK GY\u0170JT\u00c9SE<\/strong><\/p>\n<p>2.1 Amikor \u00d6n megl\u00e1togatja a Weboldalt, vagy regisztr\u00e1l a Weboldalon, \u00d6nr\u0151l az Adatkezel\u0151 inform\u00e1ci\u00f3kat k\u00e9rhet, ide\u00e9rtve a nev\u00e9t, email c\u00edm\u00e9t, telefonsz\u00e1m\u00e1t \u00e9s IP-c\u00edm\u00e9t. Ezen inform\u00e1ci\u00f3k jelen t\u00e1j\u00e9koztat\u00f3ban a tov\u00e1bbiakban egy\u00fcttesen: \u201eSzem\u00e9lyes Adatok\u201d.<\/p>\n<p>2.2 A regisztr\u00e1ci\u00f3 sor\u00e1n a Szem\u00e9lyes Adatok Adatkezel\u0151 r\u00e9sz\u00e9re t\u00f6rt\u00e9n\u0151 \u00e1tad\u00e1sa \u00f6nk\u00e9ntes, teh\u00e1t nem k\u00f6telez\u0151, az adatkezel\u00e9s hozz\u00e1j\u00e1rul\u00e1son alapul. Ugyanakkor, ha \u00d6n bizonyos inform\u00e1ci\u00f3kat nem ad \u00e1t az Adatkezel\u0151 r\u00e9sz\u00e9re, akkor elk\u00e9pzelhet\u0151, hogy az Adatkezel\u0151 nem lesz k\u00e9pes a jelen t\u00e1j\u00e9koztat\u00f3ban foglalt c\u00e9lok el\u00e9r\u00e9s\u00e9re, szolg\u00e1ltat\u00e1sok ny\u00fajt\u00e1s\u00e1ra.<\/p>\n<p><strong>3. AZ ADATKEZEL\u0150 \u00c1LTAL GY\u0170JT\u00d6TT SZEM\u00c9LYES ADATOK KEZEL\u00c9SE<\/strong><\/p>\n<p>3.1 Az \u00d6n Szem\u00e9lyes Adatait az Adatkezel\u0151 a k\u00f6vetkez\u0151 c\u00e9lokra haszn\u00e1lhatja:<br \/>\n(1) az Adatkezel\u0151 ellen\u0151rizze a Weboldal haszn\u00e1lat\u00e1t \u00e9s m\u0171k\u00f6d\u00e9s\u00e9t;<br \/>\n(2) az Adatkezel\u0151 kijav\u00edtsa, megoldja a Weboldal m\u0171k\u00f6d\u00e9s\u00e9vel, az Adatkezel\u0151 \u00fczletvitel\u00e9vel \u00e9s szolg\u00e1ltat\u00e1saival kapcsolatos probl\u00e9m\u00e1kat;<br \/>\n(3) az Adatkezel\u0151 meg\u0151rizze a Weboldal \u00e9s az Adatkezel\u0151 \u00fczletvitel\u00e9nek biztons\u00e1g\u00e1t \u00e9s integrit\u00e1s\u00e1t;<br \/>\n(4) az Adatkezel\u0151 m\u00e9rje a Weboldal l\u00e1togatotts\u00e1g\u00e1t;<br \/>\n(5) az \u00d6n regisztr\u00e1ci\u00f3j\u00e1t az Adatkezel\u0151 ellen\u0151rizze;<br \/>\n(6) regisztr\u00e1ci\u00f3ja \u00e9s kifejezett hozz\u00e1j\u00e1rul\u00e1sa eset\u00e9n az Adatkezel\u0151 tov\u00e1bbk\u00e9pz\u00e9si lehet\u0151s\u00e9gekkel \u00e9s az Adatkezel\u0151 tev\u00e9kenys\u00e9g\u00e9vel kapcsolatos egy\u00e9b esem\u00e9nyekkel \u00f6sszef\u00fcgg\u00e9sben \u00d6nt k\u00f6zvetlen\u00fcl megkeresse emailen, telefonon vagy postai \u00faton, ide\u00e9rtve a kifejezetten az \u00d6n r\u00e9sz\u00e9re c\u00edmzett aj\u00e1nlatok, prom\u00f3ci\u00f3s anyagok \u00e9s egy\u00e9b inform\u00e1ci\u00f3k \u00d6n r\u00e9sz\u00e9re t\u00f6rt\u00e9n\u0151 megk\u00fcld\u00e9s\u00e9t.<\/p>\n<p><strong>4. ADATOK MEG\u0150RZ\u00c9SE<\/strong><\/p>\n<p>Az Adatkezel\u0151 mindaddig meg\u0151rzi a Szem\u00e9lyes Adatokat, ameddig az a jelen t\u00e1j\u00e9koztat\u00f3ban meghat\u00e1rozott c\u00e9lokb\u00f3l azokat sz\u00fcks\u00e9ges, vagy ameddig \u00d6n vissza nem vonta hozz\u00e1j\u00e1rul\u00e1s\u00e1t a Szem\u00e9lyes Adatai kezel\u00e9s\u00e9hez.<\/p>\n<p><strong>5. SZEM\u00c9LYES ADATOK \u00c1TAD\u00c1SA<\/strong><\/p>\n<p>5.1 A Szem\u00e9lyes Adatokhoz az Adatkezel\u0151 szervezet\u00e9n bel\u00fcl kiz\u00e1r\u00f3lag azok f\u00e9rnek hozz\u00e1, akiknek erre a jelen t\u00e1j\u00e9koztat\u00f3ban foglalt c\u00e9lok el\u00e9r\u00e9se \u00e9rdek\u00e9ben kifejezetten sz\u00fcks\u00e9ge van, ide\u00e9rtve a IT-, Compliance-, P\u00e9nz\u00fcgy-, Sz\u00e1mvitel-, valamint a Bels\u0151 Ellen\u0151rz\u00e9si funkci\u00f3kat.<\/p>\n<p>5.2 Az Adatkezel\u0151 harmadik szem\u00e9lyek r\u00e9sz\u00e9re nem adja el, nem \u00e9rt\u00e9kes\u00edti, nem teszi hozz\u00e1f\u00e9rhet\u0151v\u00e9 vagy nem hasznos\u00edtja semmilyen form\u00e1ban sem az \u00d6n \u00e1ltal \u00e1tadott Szem\u00e9lyes Adatokat, kiv\u00e9ve, ha \u00d6n ehhez el\u0151zetesen kifejezetten hozz\u00e1j\u00e1rul.<\/p>\n<p>5.3 Az Adatkezel\u0151 a Szem\u00e9lyes Adatokat az al\u00e1bbi szem\u00e9lyekkel oszthatja meg:<\/p>\n<p>5.3.1 Szakmai tan\u00e1csad\u00f3k: k\u00f6nyvel\u0151k, k\u00f6nyvvizsg\u00e1l\u00f3k, jogi tan\u00e1csad\u00f3k \u00e9s m\u00e1s hasonl\u00f3 szakmai tan\u00e1csad\u00f3k.<\/p>\n<p>5.3.2 Hat\u00f3s\u00e1gok \u00e9s \u00e1llami szervek: azon hat\u00f3s\u00e1gok, akik az Adatkezel\u0151 felett hat\u00e1sk\u00f6rrel rendelkeznek, \u00edgy pl. szab\u00e1lyoz\u00f3 hat\u00f3s\u00e1gok, egy\u00e9b hat\u00f3s\u00e1gok, \u00e1llami szervek \u00e9s b\u00edr\u00f3s\u00e1gok.<\/p>\n<p>5.4 Azon adatfeldolgoz\u00f3k, akiknek a r\u00e9sz\u00e9re az Adatkezel\u0151 Szem\u00e9lyes Adatokat tov\u00e1bb\u00edt:<\/p>\n<p>5.4.1 VM25 Bt. (sz\u00e9khely: 3526 Miskolc, Pozsonyi utca 74. II. em. 2.; c\u00e9gjegyz\u00e9ksz\u00e1m: 05-06-015585; tev\u00e9kenys\u00e9g: Weboldal \u00fczemeltet\u00e9se \u00e9s tartalom kezel\u00e9se; T\u00e1rhely szolg\u00e1ltat\u00e1s).<\/p>\n<p><strong>6. S\u00dcTIK (COOKIES) HASZN\u00c1LATA<\/strong><\/p>\n<p>6.1 M\u00e1s weboldalakhoz hasonl\u00f3an az Adatkezel\u0151 is haszn\u00e1lja azon szok\u00e1sos technol\u00f3gi\u00e1t, amelyet s\u00fctinek (cookie) h\u00edvnak, valamint web szerver log f\u00e1jlokat, annak \u00e9rdek\u00e9ben, hogy inform\u00e1ci\u00f3t szerezzen be arr\u00f3l, hogy a felhaszn\u00e1l\u00f3k hogyan haszn\u00e1lj\u00e1k a Weboldalt. A s\u00fctik \u00e9s a web szerver log f\u00e1jlok haszn\u00e1lata lehet\u0151v\u00e9 teszi az Adatkezel\u0151 sz\u00e1m\u00e1ra, hogy a Weboldal l\u00e1togatotts\u00e1g\u00e1t ellen\u0151rizze \u00e9s a Weboldal tartalm\u00e1t az \u00d6n szem\u00e9lyes ig\u00e9nyeihez hangolja..<\/p>\n<p>6.2 A s\u00fcti egy kism\u00e9ret\u0171 inform\u00e1ci\u00f3csomag (f\u00e1jl), amely gyakran egyedi azonos\u00edt\u00f3t hordoz. Amikor megl\u00e1togat egy weboldalt, a weboldal a sz\u00e1m\u00edt\u00f3g\u00e9p\u00e9nek az enged\u00e9ly\u00e9t k\u00e9ri, hogy ezt a f\u00e1jlt az \u00d6n sz\u00e1m\u00edt\u00f3g\u00e9pe merevlemez\u00e9nek egy olyan r\u00e9sz\u00e9n t\u00e1rolja, amely kifejezetten a s\u00fctik t\u00e1rol\u00e1s\u00e1ra szolg\u00e1l. Minden egyes weboldal, amelyet megl\u00e1togat, tud s\u00fctit k\u00fcldeni a sz\u00e1m\u00edt\u00f3g\u00e9p\u00e9re, amennyiben az \u00d6n \u00e1ltal haszn\u00e1lt b\u00f6ng\u00e9sz\u0151 be\u00e1ll\u00edt\u00e1sa ezt enged\u00e9lyezi. Az \u00d6n adatainak v\u00e9delme \u00e9rdek\u00e9ben azonban az \u00d6n b\u00f6ng\u00e9sz\u0151je az adott weboldalnak kiz\u00e1r\u00f3lag azt enged\u00e9lyezi, hogy ahhoz a s\u00fctihez f\u00e9rjen hozz\u00e1, amelyet az adott weboldal k\u00fcld\u00f6tt a sz\u00e1m\u00edt\u00f3g\u00e9p\u00e9nek, azaz egy weboldal a m\u00e1s weboldalak \u00e1ltal k\u00fcld\u00f6tt s\u00fctikhez nem f\u00e9r hozz\u00e1. A b\u00f6ng\u00e9sz\u0151k jellemz\u0151en \u00fagy vannak be\u00e1ll\u00edtva, hogy fogadj\u00e1k a s\u00fctiket. Amennyiben azonban \u00d6n nem k\u00edv\u00e1n s\u00fctiket fogadni, be\u00e1ll\u00edthatja \u00fagy a b\u00f6ng\u00e9sz\u0151j\u00e9t, hogy az elutas\u00edtsa a s\u00fctik fogad\u00e1s\u00e1t. Ebben az esetben elk\u00e9pzelhet\u0151, hogy a Weboldal n\u00e9h\u00e1ny eleme nem fog hat\u00e9konyan m\u0171k\u00f6dni, mikor \u00d6n b\u00f6ng\u00e9szi a Weboldalt. A s\u00fctik soha nem tudnak m\u00e1s inform\u00e1ci\u00f3t nyerni a sz\u00e1m\u00edt\u00f3g\u00e9p\u00e9nek merevlemez\u00e9r\u0151l \u00e9s nem hordoznak v\u00edrusokat.<\/p>\n<p>6.3 A weboldal a Google Analytics alkalmaz\u00e1st haszn\u00e1lja, a Google, Inc. (&#8222;Google&#8221;) web-elemz\u0151 eszk\u00f6z\u00e9t, amely lehet\u0151v\u00e9 teszi sz\u00e1munkra szolg\u00e1ltat\u00e1saink optimaliz\u00e1l\u00e1s\u00e1t. A Google Analytics olyan s\u00fctiket haszn\u00e1l, amelyek nyomon k\u00f6vetik az \u00d6n preferenci\u00e1it weboldalaink l\u00e1togat\u00e1sa sor\u00e1n. Ez lehet\u0151v\u00e9 teszi sz\u00e1munkra p\u00e9ld\u00e1ul a navig\u00e1ci\u00f3 egyszer\u0171s\u00edt\u00e9s\u00e9t, hozz\u00e1j\u00e1rulva ahhoz, hogy a weboldalt felhaszn\u00e1l\u00f3bar\u00e1tabb\u00e1 tegy\u00fck. A folyamat sor\u00e1n el\u0151\u00e1ll\u00edtott inform\u00e1ci\u00f3 (bele\u00e9rtve az IP-c\u00edmet) anonimiz\u00e1lt, ami a szem\u00e9lyes azonos\u00edt\u00e1st lehetetlenn\u00e9 teszi.<\/p>\n<p>6.4 A fentiek alapj\u00e1n a Weboldal a WordPress be\u00e9p\u00edtett s\u00fctijei, valamint a 6.3-ban ismertetett szolg\u00e1ltat\u00e1son k\u00edv\u00fcl nem haszn\u00e1l.<\/p>\n<p><strong>7. BIZTONS\u00c1G<\/strong><\/p>\n<p>7.1 Az Adatkezel\u0151 biztons\u00e1gi int\u00e9zked\u00e9seket alkalmaz annak \u00e9rdek\u00e9ben, hogy illet\u00e9ktelenek ne f\u00e9rhessenek hozz\u00e1 a Szem\u00e9lyes Adataihoz \u00e9s megakad\u00e1lyozza a jogellenes adatkezel\u00e9st, az adatok megsemmis\u00fcl\u00e9s\u00e9t vagy azok s\u00e9r\u00fcl\u00e9s\u00e9t. Az Adatkezel\u0151 t\u00f6bbek k\u00f6z\u00f6tt az al\u00e1bbi biztons\u00e1gi int\u00e9zked\u00e9seket alkalmazza:<\/p>\n<p>7.1.1 Fizikai: az \u00e9p\u00fclet, ahol az Adatkezel\u0151 a Szem\u00e9lyes Adatokat t\u00e1rolja, \u0151rz\u00f6tt, bel\u00e9ptet\u0151rendszerrel \u00e9s kamer\u00e1val v\u00e9dett. A l\u00e1togat\u00f3k csak k\u00eds\u00e9rettel l\u00e9phetnek be az Adatkezel\u0151 helyis\u00e9geibe. Ezen t\u00fal az Adatkezel\u0151 megfelel\u0151 int\u00e9zked\u00e9seket hozott annak \u00e9rdek\u00e9ben, hogy a Szem\u00e9lyes Adatokat a megsemmis\u00fcl\u00e9s vagy a s\u00e9r\u00fcl\u00e9s vesz\u00e9ly\u00e9t\u0151l v\u00e9dje, \u00edgy pl. az adatment\u00e9sek egy alternat\u00edv helyen ker\u00fclnek t\u00e1rol\u00e1sra, ahonnan az els\u0151dleges rendszer hib\u00e1ja eset\u00e9n el\u0151h\u00edvhat\u00f3ak.<\/p>\n<p>7.1.2 Szem\u00e9lyzet: a teljes szem\u00e9lyzet bevezet\u0151 k\u00e9pz\u00e9sen vesz r\u00e9szt, amely mag\u00e1ban foglalja az adatv\u00e9delmet is. A teljes szem\u00e9lyzet titoktart\u00e1si meg\u00e1llapod\u00e1st \u00edr al\u00e1 a munkaviszony kezdet\u00e9t megel\u0151z\u0151en.<\/p>\n<p>7.1.3 Dokument\u00e1ci\u00f3: valamennyi feladat dokument\u00e1lt utas\u00edt\u00e1sok alapj\u00e1n ker\u00fcl ell\u00e1t\u00e1sra. A dokument\u00e1ci\u00f3 nem hagyja el az Adatkezel\u0151 sz\u00e9khely\u00e9t. A nyomtat\u00f3k olyan helyis\u00e9gben vannak elhelyezve, amelyhez korl\u00e1tozott a hozz\u00e1f\u00e9r\u00e9s.<\/p>\n<p>7.1.4 Technikai: az Adatkezel\u0151 biztons\u00e1gosan, az erre vonatkoz\u00f3 el\u0151\u00edr\u00e1soknak megfelel\u0151en kezel valamennyi elektronikai adathordoz\u00f3t, amelyet az Adatkezel\u0151 m\u00e1r nem haszn\u00e1l, pl. a hib\u00e1s merevlemezeket vagy adatment\u00e9seket. Az adatb\u00e1zisokban v\u00e9grehajtott valamennyi v\u00e1ltoztat\u00e1s egy esem\u00e9nynapl\u00f3ban r\u00f6gz\u00edt\u00e9sre ker\u00fcl, amely mutatja a v\u00e1ltoztat\u00e1s napj\u00e1t, id\u0151pontj\u00e1t \u00e9s a felhaszn\u00e1l\u00f3t, aki v\u00e9grehajtotta a v\u00e1ltoztat\u00e1st.<\/p>\n<p>7.1.5 Adat: a Szem\u00e9lyes Adatokat az Adatkezel\u0151 az Eur\u00f3pai Uni\u00f3 ter\u00fclet\u00e9n tal\u00e1lhat\u00f3 szervereken t\u00e1rolja. A virtu\u00e1lis szerver egy olyan fizikai szerveren tal\u00e1lhat\u00f3, amely a szerverszob\u00e1ban egy lez\u00e1rt t\u00e1rol\u00f3ban ker\u00fclt elhelyez\u00e9sre. Az adatokhoz m\u00e1s felhaszn\u00e1l\u00f3k nem f\u00e9rnek hozz\u00e1.<\/p>\n<p>7.2 A Weboldalon t\u00f6bb olyan link is tal\u00e1lhat\u00f3, amelyek nem az Adatkezel\u0151 \u00e1ltal, illetve nem az Adatkezel\u0151 adatv\u00e9delmi gyakorlata szerint \u00fczemeltetett honlapokra ir\u00e1ny\u00edthatj\u00e1k. K\u00e9rj\u00fck \u00d6nt, tartsa szem el\u0151tt, hogy ezekre a webhelyekre a jelen adatv\u00e9delmi t\u00e1j\u00e9koztat\u00f3 nem vonatkozik. Javasoljuk, vizsg\u00e1lja meg az ilyen oldalakra ir\u00e1nyad\u00f3 adatv\u00e9delmi t\u00e1j\u00e9koztat\u00f3kat, miel\u0151tt kiadn\u00e1 b\u00e1rmely szem\u00e9lyes adat\u00e1t. Az Adatkezel\u0151 nem felel\u0151s az ezen honlapok \u00fczemeltet\u0151inek jogellenes adatkezel\u00e9s\u00e9vel vagy az adatbiztons\u00e1g k\u00f6vetelm\u00e9nyeinek megszeg\u00e9s\u00e9vel okozott k\u00e1r\u00e9rt, illetve a szem\u00e9lyis\u00e9gi jogi jogs\u00e9rt\u00e9s\u00e9rt.<\/p>\n<p><strong>8. AZ ADATOKHOZ VAL\u00d3 HOZZ\u00c1F\u00c9R\u00c9S, JOGORVOSLAT<\/strong><\/p>\n<p>8.1 A hat\u00e1lyos jogszab\u00e1lyok alapj\u00e1n \u00d6n jogosult: (i) Szem\u00e9lyes Adataihoz hozz\u00e1f\u00e9r\u00e9st k\u00e9rni; (ii) a szem\u00e9lyes adatai helyesb\u00edt\u00e9s\u00e9t k\u00e9rni; (iii) a szem\u00e9lyes adatai t\u00f6rl\u00e9s\u00e9t k\u00e9rni; (iv) a szem\u00e9lyes adatai kezel\u00e9s\u00e9nek korl\u00e1toz\u00e1s\u00e1t k\u00e9rni; (v) szem\u00e9lyes adatai tekintet\u00e9ben adathordozhat\u00f3s\u00e1ggal \u00e9lni; \u00e9s (vi) tiltakozni a szem\u00e9lyes adatai kezel\u00e9se ellen. A fenti jogokkal kapcsolatban k\u00e9rj\u00fck, vegye figyelembe, hogy egyes esetekben az adott k\u00e9r\u00e9s teljes\u00edt\u00e9se az adat term\u00e9szete miatt nem vagy csak korl\u00e1tozottan lehets\u00e9ges, illetve, hogy a fenti jogosults\u00e1gok nem korl\u00e1tlanok, \u00e9s annak gyakorl\u00e1s\u00e1t az ir\u00e1nyad\u00f3 adatv\u00e9delmi szab\u00e1lyok felt\u00e9telekhez k\u00f6thetik.<\/p>\n<p>8.2 Jogs\u00e9relem eset\u00e9n \u00d6n jogosult panasszal \u00e9lni a Nemzeti Adatv\u00e9delmi \u00e9s Inform\u00e1ci\u00f3szabads\u00e1g Hat\u00f3s\u00e1gn\u00e1l (sz\u00e9khelye: 1055 Budapest, Falk Miksa utca 9-11., levelez\u00e9si c\u00edme: 1374 Budapest, Pf. 603., email: ugyfelszolgalat@naih.hu, honlap: www.naih.hu), illet\u0151leg a jogellenes adatkezel\u00e9s miatt v\u00e1laszt\u00e1sa szerint a lak\u00f3helye vagy tart\u00f3zkod\u00e1si helye szerinti t\u00f6rv\u00e9nysz\u00e9khez fordulhat.<\/p>\n<p>8.3 A jelen t\u00e1j\u00e9koztat\u00e1s alapj\u00e1n tett hozz\u00e1j\u00e1rul\u00f3 nyilatkozat b\u00e1rmikor, r\u00e9szben vagy eg\u00e9szben, korl\u00e1toz\u00e1s n\u00e9lk\u00fcl visszavonhat\u00f3 postai \u00faton a F\u00dcRED-DENTAL Kft. (sz\u00e9khely:8230 Balatonf\u00fcred, Zsigmond utca 10.) vagy elektronikus lev\u00e9l form\u00e1j\u00e1ban a praxis@drszabodent.hu email c\u00edmen. T\u00e1j\u00e9koztatjuk, hogy a hozz\u00e1j\u00e1rul\u00e1s visszavon\u00e1sa az azt megel\u0151z\u0151 jogszer\u0171 adatkezel\u00e9st nem teszi jogszer\u0171tlenn\u00e9.<\/p>\n<p><strong>9. KAPCSOLAT<\/strong><\/p>\n<p>A Szem\u00e9lyes Adatok kezel\u00e9s\u00e9vel kapcsolatos valamennyi \u00e9szrev\u00e9tel\u00e9t, k\u00e9rd\u00e9s\u00e9t k\u00e9rj\u00fck, k\u00fcldje el \u00dcgyf\u00e9lszolg\u00e1latunk r\u00e9sz\u00e9re emailen: praxis@drszabodent.hu vagy post\u00e1n: 8230 Balatonf\u00fcred, Zsigmond utca 10..<\/p>\n<p><strong>Jelen dokument\u00e1ci\u00f3 2021. szeptember 1-\u00e9n ker\u00fclt k\u00f6zz\u00e9t\u00e9telre, \u00e9s a visszavon\u00e1s\u00e1ig hat\u00e1lyos.<\/strong><br \/>\nVerzi\u00f3: 1.0<\/p>\n","protected":false},"excerpt":{"rendered":"<p>1. BEVEZET\u0150 RENDELKEZ\u00c9SEK 1.1 A\u00a0F\u00dcRED-DENTAL Kft. (sz\u00e9khely: 8230 Balatonf\u00fcred, Zsigmond utca 10.; email: praxis@drszabodent.hu) (\u201eAdatkezel\u0151\u201d) elk\u00f6telezett azir\u00e1nt, hogy az drszabodent.hu weboldalt (tov\u00e1bbiakban, mint Weboldal) l\u00e1togat\u00f3k mag\u00e1n\u00e9lethez val\u00f3 jog\u00e1t \u00e9s szem\u00e9lyes adataik v\u00e9delm\u00e9hez f\u0171z\u0151d\u0151 jog\u00e1t tiszteletben tartsa. Jelen t\u00e1j\u00e9koztat\u00f3 meghat\u00e1rozza azon jogalapokat, amelyek alapj\u00e1n az Adatkezel\u0151 az \u00d6nr\u0151l r\u00f6gz\u00edtett, vagy az \u00d6n \u00e1ltal \u00e1tadott Szem\u00e9lyes Adatokat<\/p>\n","protected":false},"author":2,"featured_media":0,"parent":0,"menu_order":0,"comment_status":"closed","ping_status":"closed","template":"","meta":{"footnotes":""},"aioseo_notices":[],"_links":{"self":[{"href":"https:\/\/drszabodent.hu\/hu\/wp-json\/wp\/v2\/pages\/907"}],"collection":[{"href":"https:\/\/drszabodent.hu\/hu\/wp-json\/wp\/v2\/pages"}],"about":[{"href":"https:\/\/drszabodent.hu\/hu\/wp-json\/wp\/v2\/types\/page"}],"author":[{"embeddable":true,"href":"https:\/\/drszabodent.hu\/hu\/wp-json\/wp\/v2\/users\/2"}],"replies":[{"embeddable":true,"href":"https:\/\/drszabodent.hu\/hu\/wp-json\/wp\/v2\/comments?post=907"}],"version-history":[{"count":2,"href":"https:\/\/drszabodent.hu\/hu\/wp-json\/wp\/v2\/pages\/907\/revisions"}],"predecessor-version":[{"id":973,"href":"https:\/\/drszabodent.hu\/hu\/wp-json\/wp\/v2\/pages\/907\/revisions\/973"}],"wp:attachment":[{"href":"https:\/\/drszabodent.hu\/hu\/wp-json\/wp\/v2\/media?parent=907"}],"curies":[{"name":"wp","href":"https:\/\/api.w.org\/{rel}","templated":true}]}}