{"id":909,"date":"2021-09-26T20:11:28","date_gmt":"2021-09-26T19:11:28","guid":{"rendered":"https:\/\/drszabodent.hu\/?page_id=909"},"modified":"2021-09-26T20:11:28","modified_gmt":"2021-09-26T19:11:28","slug":"felhasznalasi-feltetelek","status":"publish","type":"page","link":"https:\/\/drszabodent.hu\/hu\/felhasznalasi-feltetelek\/","title":{"rendered":"Felhaszn\u00e1l\u00e1si Felt\u00e9telek"},"content":{"rendered":"<p>A <a href=\"https:\/\/drszabodent.hu\/\">https:\/\/drszabodent.hu\/<\/a> domain-en el\u00e9rhet\u0151 webhely vagy annak b\u00e1rmely oldala megnyit\u00e1s\u00e1val \u00d6n elfogadja az itt felsorolt felt\u00e9teleket. <\/p>\n<p>K\u00e9rj\u00fck, amennyiben nem \u00e9rt egyet az al\u00e1bbiakkal, ne nyissa meg a weboldalunkat!<\/p>\n<p><b>FELEL\u0150SS\u00c9G<\/b><\/p>\n<p>A F\u00dcRED-DENTAL Kft. minden elv\u00e1rhat\u00f3 er\u0151fesz\u00edt\u00e9st megtett annak biztos\u00edt\u00e1s\u00e1ra, hogy a weboldal\u00e1n k\u00f6z\u00f6lt minden inform\u00e1ci\u00f3 pontos legyen felt\u00f6lt\u00e9se id\u0151pontj\u00e1ban. Ennek ellen\u00e9re a F\u00dcRED-DENTAL Kft. sem kifejezetten, sem r\u00e1utal\u00f3 m\u00f3don nem v\u00e1llal szavatoss\u00e1got a jelen weboldalon kereszt\u00fcl ny\u00fajtott inform\u00e1ci\u00f3k\u00e9rt, \u00e9s fenntartja a jogot arra, hogy \u00e9rtes\u00edt\u00e9s n\u00e9lk\u00fcl b\u00e1rmikor v\u00e1ltoztat\u00e1sokat \u00e9s jav\u00edt\u00e1sokat hajtson v\u00e9gre. A F\u00dcRED-DENTAL Kft. nem v\u00e1llal felel\u0151ss\u00e9get a weboldalon el\u0151fordul\u00f3 semmilyen pontatlans\u00e1g\u00e9rt vagy hi\u00e1nyoss\u00e1g\u00e9rt.<\/p>\n<p>A <a href=\"https:\/\/drszabodent.hu\/\">https:\/\/drszabodent.hu\/<\/a> weboldalon tal\u00e1lhat\u00f3 inform\u00e1ci\u00f3kon alapul\u00f3 b\u00e1rmilyen d\u00f6nt\u00e9s a felhaszn\u00e1l\u00f3 saj\u00e1t felel\u0151ss\u00e9ge.<\/p>\n<p>A F\u00dcRED-DENTAL Kft. nem v\u00e1llal felel\u0151ss\u00e9get a weboldalhoz, illetve az ott tal\u00e1lhat\u00f3 b\u00e1rmilyen inform\u00e1ci\u00f3hoz val\u00f3 hozz\u00e1f\u00e9r\u00e9sb\u0151l, illetve annak elmarad\u00e1s\u00e1b\u00f3l vagy ezek felhaszn\u00e1l\u00e1s\u00e1b\u00f3l sz\u00e1rmaz\u00f3 semmif\u00e9le vesztes\u00e9g\u00e9rt vagy k\u00e1r\u00e9rt.<\/p>\n<p>A F\u00dcRED-DENTAL Kft. nem tartozik felel\u0151ss\u00e9ggel azok\u00e9rt az esetlegesen bek\u00f6vetkez\u0151 k\u00e1rok\u00e9rt, vesztes\u00e9gek\u00e9rt, k\u00f6lts\u00e9gek\u00e9rt, amelyek a weboldalak haszn\u00e1lat\u00e1b\u00f3l, azok haszn\u00e1latra k\u00e9ptelen \u00e1llapot\u00e1b\u00f3l, nem megfelel\u0151 m\u0171k\u00f6d\u00e9s\u00e9b\u0151l, \u00fczemzavar\u00e1b\u00f3l, az adatok b\u00e1rki \u00e1ltal t\u00f6rt\u00e9n\u0151 illet\u00e9ktelen megv\u00e1ltoztat\u00e1s\u00e1b\u00f3l keletkeznek, illetve amelyek az inform\u00e1ci\u00f3tov\u00e1bb\u00edt\u00e1si k\u00e9sedelemb\u0151l, sz\u00e1m\u00edt\u00f3g\u00e9pes v\u00edrusb\u00f3l, vonal- vagy rendszerhib\u00e1b\u00f3l vagy m\u00e1s hasonl\u00f3 okb\u00f3l sz\u00e1rmaznak.<\/p>\n<p><b>SZERZ\u0150I JOG<\/b><\/p>\n<p>A F\u00dcRED-DENTAL Kft. weboldala, az azokon tal\u00e1lhat\u00f3 minden k\u00e9pi, hang- \u00e9s sz\u00f6veges tartalom, illetve azok elrendez\u00e9se szerz\u0151i jogi oltalom alatt \u00e1llnak. Azok felhaszn\u00e1l\u00e1sa kiz\u00e1r\u00f3lag el\u0151zetes hozz\u00e1j\u00e1rul\u00e1sunkkal enged\u00e9lyezett.<\/p>\n<p>Felh\u00edvjuk a figyelm\u00e9t, hogy a F\u00dcRED-DENTAL Kft. fentiekben r\u00e9szletezett felt\u00e9teleit\u0151l elt\u00e9r\u0151 vagy azokat s\u00e9rt\u0151 haszn\u00e1lat szerz\u0151i jogi, polg\u00e1ri jogi \u00e9s b\u00fcntet\u0151jogi k\u00f6vetkezm\u00e9nyekkel j\u00e1rhat. A F\u00dcRED-DENTAL Kft. minden tudom\u00e1s\u00e1ra jutott jogs\u00e9rt\u00e9ssel szemben fell\u00e9p.<\/p>\n<p>Tov\u00e1bbi inform\u00e1ci\u00f3\u00e9rt k\u00e9rj\u00fck, olvassa el <a href=\"https:\/\/drszabodent.hu\/hu\/adatvedelmi-tajekoztato\">Adatv\u00e9delmi t\u00e1j\u00e9koztat\u00f3nkat<\/a>.<\/p>\n","protected":false},"excerpt":{"rendered":"<p>A https:\/\/drszabodent.hu\/ domain-en el\u00e9rhet\u0151 webhely vagy annak b\u00e1rmely oldala megnyit\u00e1s\u00e1val \u00d6n elfogadja az itt felsorolt felt\u00e9teleket. K\u00e9rj\u00fck, amennyiben nem \u00e9rt egyet az al\u00e1bbiakkal, ne nyissa meg a weboldalunkat! FELEL\u0150SS\u00c9G A F\u00dcRED-DENTAL Kft. minden elv\u00e1rhat\u00f3 er\u0151fesz\u00edt\u00e9st megtett annak biztos\u00edt\u00e1s\u00e1ra, hogy a weboldal\u00e1n k\u00f6z\u00f6lt minden inform\u00e1ci\u00f3 pontos legyen felt\u00f6lt\u00e9se id\u0151pontj\u00e1ban. Ennek ellen\u00e9re a F\u00dcRED-DENTAL Kft. sem kifejezetten,<\/p>\n","protected":false},"author":2,"featured_media":0,"parent":0,"menu_order":0,"comment_status":"closed","ping_status":"closed","template":"","meta":{"footnotes":""},"aioseo_notices":[],"_links":{"self":[{"href":"https:\/\/drszabodent.hu\/hu\/wp-json\/wp\/v2\/pages\/909"}],"collection":[{"href":"https:\/\/drszabodent.hu\/hu\/wp-json\/wp\/v2\/pages"}],"about":[{"href":"https:\/\/drszabodent.hu\/hu\/wp-json\/wp\/v2\/types\/page"}],"author":[{"embeddable":true,"href":"https:\/\/drszabodent.hu\/hu\/wp-json\/wp\/v2\/users\/2"}],"replies":[{"embeddable":true,"href":"https:\/\/drszabodent.hu\/hu\/wp-json\/wp\/v2\/comments?post=909"}],"version-history":[{"count":2,"href":"https:\/\/drszabodent.hu\/hu\/wp-json\/wp\/v2\/pages\/909\/revisions"}],"predecessor-version":[{"id":971,"href":"https:\/\/drszabodent.hu\/hu\/wp-json\/wp\/v2\/pages\/909\/revisions\/971"}],"wp:attachment":[{"href":"https:\/\/drszabodent.hu\/hu\/wp-json\/wp\/v2\/media?parent=909"}],"curies":[{"name":"wp","href":"https:\/\/api.w.org\/{rel}","templated":true}]}}